{"id":1585,"date":"2017-05-11T18:10:28","date_gmt":"2017-05-11T21:10:28","guid":{"rendered":"http:\/\/www.etalan.com.br\/novo\/?page_id=1585"},"modified":"2017-07-19T11:20:16","modified_gmt":"2017-07-19T14:20:16","slug":"informacoes","status":"publish","type":"page","link":"http:\/\/www.etalan.com.br\/novo\/informacoes\/","title":{"rendered":"Informa\u00e7\u00f5es"},"content":{"rendered":"<h3><a href=\"http:\/\/www.etalan.com.br\/novo\/cuidados-de-conservacao\/\">Cuidados de conserva\u00e7\u00e3o<\/a><\/h3>\n<h3><a href=\"http:\/\/www.etalan.com.br\/novo\/simbolos\/\">S\u00edmbolos<\/a><\/h3>\n<h3><a href=\"http:\/\/www.etalan.com.br\/novo\/principais-materias-primas-textil\/\">Principais mat\u00e9rias primas \u2013 t\u00eaxtil<\/a><\/h3>\n","protected":false},"excerpt":{"rendered":"<p>Cuidados de conserva\u00e7\u00e3o S\u00edmbolos Principais mat\u00e9rias primas \u2013 t\u00eaxtil<\/p>\n","protected":false},"author":1,"featured_media":0,"parent":0,"menu_order":0,"comment_status":"closed","ping_status":"closed","template":"","meta":[],"_links":{"self":[{"href":"http:\/\/www.etalan.com.br\/novo\/wp-json\/wp\/v2\/pages\/1585"}],"collection":[{"href":"http:\/\/www.etalan.com.br\/novo\/wp-json\/wp\/v2\/pages"}],"about":[{"href":"http:\/\/www.etalan.com.br\/novo\/wp-json\/wp\/v2\/types\/page"}],"author":[{"embeddable":true,"href":"http:\/\/www.etalan.com.br\/novo\/wp-json\/wp\/v2\/users\/1"}],"replies":[{"embeddable":true,"href":"http:\/\/www.etalan.com.br\/novo\/wp-json\/wp\/v2\/comments?post=1585"}],"version-history":[{"count":6,"href":"http:\/\/www.etalan.com.br\/novo\/wp-json\/wp\/v2\/pages\/1585\/revisions"}],"predecessor-version":[{"id":1788,"href":"http:\/\/www.etalan.com.br\/novo\/wp-json\/wp\/v2\/pages\/1585\/revisions\/1788"}],"wp:attachment":[{"href":"http:\/\/www.etalan.com.br\/novo\/wp-json\/wp\/v2\/media?parent=1585"}],"curies":[{"name":"wp","href":"https:\/\/api.w.org\/{rel}","templated":true}]}}