{"id":1416,"date":"2017-02-10T13:19:53","date_gmt":"2017-02-10T13:19:53","guid":{"rendered":"http:\/\/consulting.stylemixthemes.com\/demo\/?page_id=1416"},"modified":"2022-06-16T10:30:03","modified_gmt":"2022-06-16T13:30:03","slug":"fale-conosco","status":"publish","type":"page","link":"http:\/\/www.etalan.com.br\/novo\/fale-conosco\/","title":{"rendered":"Fale conosco"},"content":{"rendered":"<p>[vc_row css=&#8221;.vc_custom_1485423383193{margin-bottom: 20px !important;}&#8221;][vc_column css=&#8221;.vc_custom_1485424286916{margin-bottom: 30px !important;}&#8221; offset=&#8221;vc_col-lg-4&#8243;][vc_column_text el_class=&#8221;border_base_color&#8221; css=&#8221;.vc_custom_1494537690465{margin-bottom: 28px !important;border-bottom-width: 3px !important;padding-bottom: 32px !important;border-bottom-color: #002e5b !important;border-bottom-style: solid !important;}&#8221;]Entre em contato com nossa equipe. Informa\u00e7\u00f5es abaixo.[\/vc_column_text][stm_contacts_widget style=&#8221;style_4&#8243; email=&#8221;contato@taschner.com.br&#8221; title=&#8221;Informa\u00e7\u00f5es&#8221; address=&#8221;Rua Roberto Ziemann, 588 &#8211; Czerniewicz, Jaragu\u00e1 do Sul &#8211; SC, 89255-300&#8243; phone=&#8221;+55 (47) 3371-1988&#8243; phone_two=&#8221;+55 (47) 3371-1731&#8243;][stm_contacts_widget style=&#8221;style_4&#8243; email=&#8221;rh@taschner.com.br&#8221; title=&#8221;Trabalhe Conosco&#8221; facebook=&#8221;#&#8221;][\/vc_column][vc_column css=&#8221;.vc_custom_1485424295749{margin-bottom: 30px !important;}&#8221; offset=&#8221;vc_col-lg-8&#8243;]<div role=\"form\" class=\"wpcf7\" id=\"wpcf7-f4-o1\" lang=\"en-US\" dir=\"ltr\">\n<div class=\"screen-reader-response\"><\/div>\n<form action=\"\/novo\/wp-json\/wp\/v2\/pages\/1416#wpcf7-f4-o1\" method=\"post\" class=\"wpcf7-form\" novalidate=\"novalidate\">\n<div style=\"display: none;\">\n<input type=\"hidden\" name=\"_wpcf7\" value=\"4\" \/>\n<input type=\"hidden\" name=\"_wpcf7_version\" value=\"4.7\" \/>\n<input type=\"hidden\" name=\"_wpcf7_locale\" value=\"en_US\" \/>\n<input type=\"hidden\" name=\"_wpcf7_unit_tag\" value=\"wpcf7-f4-o1\" \/>\n<input type=\"hidden\" name=\"_wpnonce\" value=\"09c724646b\" \/>\n<\/div>\n<p><label> Nome *<br \/>\n    <span class=\"wpcf7-form-control-wrap your-name\"><input type=\"text\" name=\"your-name\" value=\"\" size=\"40\" class=\"wpcf7-form-control wpcf7-text wpcf7-validates-as-required\" aria-required=\"true\" aria-invalid=\"false\" \/><\/span> <\/label><\/p>\n<p><label> Email *<br \/>\n    <span class=\"wpcf7-form-control-wrap your-email\"><input type=\"email\" name=\"your-email\" value=\"\" size=\"40\" class=\"wpcf7-form-control wpcf7-text wpcf7-email wpcf7-validates-as-required wpcf7-validates-as-email\" aria-required=\"true\" aria-invalid=\"false\" \/><\/span> <\/label><\/p>\n<p><label> Assunto<br \/>\n    <span class=\"wpcf7-form-control-wrap your-subject\"><input type=\"text\" name=\"your-subject\" value=\"\" size=\"40\" class=\"wpcf7-form-control wpcf7-text\" aria-invalid=\"false\" \/><\/span> <\/label><\/p>\n<p><label> Mensagem<br \/>\n    <span class=\"wpcf7-form-control-wrap your-message\"><textarea name=\"your-message\" cols=\"40\" rows=\"10\" class=\"wpcf7-form-control wpcf7-textarea\" aria-invalid=\"false\"><\/textarea><\/span> <\/label><\/p>\n<p><input type=\"submit\" value=\"Enviar!\" class=\"wpcf7-form-control wpcf7-submit\" \/><\/p>\n<div class=\"wpcf7-response-output wpcf7-display-none\"><\/div><\/form><\/div>[\/vc_column][\/vc_row][vc_row full_width=&#8221;stretch_row_content&#8221; full_height=&#8221;yes&#8221; equal_height=&#8221;yes&#8221; css=&#8221;.vc_custom_1494880885320{margin-bottom: -60px !important;}&#8221;][vc_column][vc_gmaps link=&#8221;#E-8_JTNDaWZyYW1lJTIwc3JjJTNEJTIyaHR0cHMlM0ElMkYlMkZ3d3cuZ29vZ2xlLmNvbSUyRm1hcHMlMkZlbWJlZCUzRnBiJTNEJTIxMW0xOCUyMTFtMTIlMjExbTMlMjExZDM1NzEuNTQ2MTgyOTkyMjY5JTIxMmQtNDkuMDk1NDg5NDQ4NzM5NzglMjEzZC0yNi40NzAzNTM1ODExOTQ0NjYlMjEybTMlMjExZjAlMjEyZjAlMjEzZjAlMjEzbTIlMjExaTEwMjQlMjEyaTc2OCUyMTRmMTMuMSUyMTNtMyUyMTFtMiUyMTFzMHg5NGRlOTRmZTBjNGIzZmRkJTI1M0EweGY3Y2M1MWVkMDA0N2VjNmYlMjEyc1Rhc2NobmVyJTJCSW5kJTI1QzMlMjVCQXN0cmlhJTJCVCUyNUMzJTI1QUF4dGlsJTJCTHRkYS4lMjE1ZTAlMjEzbTIlMjExc3B0LUJSJTIxMnNiciUyMTR2MTQ5NDUzNzQ4NjcyMCUyMiUyMHdpZHRoJTNEJTIyMTAwJTI1JTIyJTIwaGVpZ2h0JTNEJTIyMzgycHglMjIlMjBmcmFtZWJvcmRlciUzRCUyMjAlMjIlMjBzdHlsZSUzRCUyMmJvcmRlciUzQTAlMjIlMjBhbGxvd2Z1bGxzY3JlZW4lM0UlM0MlMkZpZnJhbWUlM0U=&#8221;][\/vc_column][\/vc_row][vc_row][vc_column][vc_column_text][\/vc_column_text][\/vc_column][\/vc_row]<\/p>\n","protected":false},"excerpt":{"rendered":"<p>[vc_row css=&#8221;.vc_custom_1485423383193{margin-bottom: 20px !important;}&#8221;][vc_column css=&#8221;.vc_custom_1485424286916{margin-bottom: 30px !important;}&#8221; offset=&#8221;vc_col-lg-4&#8243;][vc_column_text el_class=&#8221;border_base_color&#8221; css=&#8221;.vc_custom_1494537690465{margin-bottom: 28px !important;border-bottom-width: 3px !important;padding-bottom: 32px !important;border-bottom-color: #002e5b !important;border-bottom-style: solid !important;}&#8221;]Entre em contato com nossa equipe. Informa\u00e7\u00f5es abaixo.[\/vc_column_text][stm_contacts_widget style=&#8221;style_4&#8243; email=&#8221;contato@taschner.com.br&#8221; title=&#8221;Informa\u00e7\u00f5es&#8221; address=&#8221;Rua Roberto Ziemann, 588 &#8211; Czerniewicz, Jaragu\u00e1 do Sul &#8211; SC, 89255-300&#8243; phone=&#8221;+55 (47) 3371-1988&#8243; phone_two=&#8221;+55 (47) 3371-1731&#8243;][stm_contacts_widget style=&#8221;style_4&#8243; email=&#8221;rh@taschner.com.br&#8221; title=&#8221;Trabalhe Conosco&#8221; facebook=&#8221;#&#8221;][\/vc_column][vc_column css=&#8221;.vc_custom_1485424295749{margin-bottom: 30px<\/p>\n","protected":false},"author":1,"featured_media":0,"parent":0,"menu_order":0,"comment_status":"closed","ping_status":"closed","template":"","meta":[],"_links":{"self":[{"href":"http:\/\/www.etalan.com.br\/novo\/wp-json\/wp\/v2\/pages\/1416"}],"collection":[{"href":"http:\/\/www.etalan.com.br\/novo\/wp-json\/wp\/v2\/pages"}],"about":[{"href":"http:\/\/www.etalan.com.br\/novo\/wp-json\/wp\/v2\/types\/page"}],"author":[{"embeddable":true,"href":"http:\/\/www.etalan.com.br\/novo\/wp-json\/wp\/v2\/users\/1"}],"replies":[{"embeddable":true,"href":"http:\/\/www.etalan.com.br\/novo\/wp-json\/wp\/v2\/comments?post=1416"}],"version-history":[{"count":7,"href":"http:\/\/www.etalan.com.br\/novo\/wp-json\/wp\/v2\/pages\/1416\/revisions"}],"predecessor-version":[{"id":1870,"href":"http:\/\/www.etalan.com.br\/novo\/wp-json\/wp\/v2\/pages\/1416\/revisions\/1870"}],"wp:attachment":[{"href":"http:\/\/www.etalan.com.br\/novo\/wp-json\/wp\/v2\/media?parent=1416"}],"curies":[{"name":"wp","href":"https:\/\/api.w.org\/{rel}","templated":true}]}}