{"id":1024,"date":"2015-12-14T07:14:55","date_gmt":"2015-12-14T07:14:55","guid":{"rendered":"http:\/\/consulting.stylemixthemes.com\/demo\/?page_id=2"},"modified":"2017-11-16T08:29:52","modified_gmt":"2017-11-16T10:29:52","slug":"sample-page-2","status":"publish","type":"page","link":"http:\/\/www.etalan.com.br\/novo\/","title":{"rendered":"home"},"content":{"rendered":"<p>[vc_row css=&#8221;.vc_custom_1450677977665{margin-bottom: 0px !important;}&#8221;][vc_column offset=&#8221;vc_hidden-xs&#8221;][rev_slider_vc alias=&#8221;fullscreen-main-slider&#8221;][\/vc_column][\/vc_row][vc_row full_width=&#8221;stretch_row&#8221; css=&#8221;.vc_custom_1451476985704{padding-top: 53px !important;padding-bottom: 70px !important;background-color: #f2f2f2 !important;}&#8221;][vc_column][vc_custom_heading text=&#8221;Sobre&#8221; font_container=&#8221;tag:h2|font_size:45px|text_align:center|line_height:60px&#8221; use_theme_fonts=&#8221;yes&#8221; el_class=&#8221;base_font_color&#8221; css=&#8221;.vc_custom_1494878020763{margin-bottom: 28px !important;}&#8221;][vc_column_text]<img loading=\"lazy\" class=\"size-medium wp-image-1563 alignleft\" src=\"http:\/\/www.etalan.com.br\/novo\/wp-content\/uploads\/2017\/05\/etalan-300x223.jpg\" alt=\"\" width=\"300\" height=\"223\" srcset=\"http:\/\/www.etalan.com.br\/novo\/wp-content\/uploads\/2017\/05\/etalan-300x223.jpg 300w, http:\/\/www.etalan.com.br\/novo\/wp-content\/uploads\/2017\/05\/etalan-768x570.jpg 768w, http:\/\/www.etalan.com.br\/novo\/wp-content\/uploads\/2017\/05\/etalan-1024x761.jpg 1024w\" sizes=\"(max-width: 300px) 100vw, 300px\" \/><\/p>\n<p class=\"m_-1701090215515468766gmail-western\" align=\"justify\"><span style=\"font-family: Arial, sans-serif;\">Fundada em 1977, a\u00a0<span class=\"m_-8704609858429367567gmail-il\">ETALAN<\/span>\u00a0est\u00e1 localizada em uma \u00e1rea de 100.000 m\u00b2, em Jaragu\u00e1 do Sul, Santa Catarina, Brasil.\u00a0<\/span><\/p>\n<p class=\"m_-1701090215515468766gmail-western\" align=\"justify\"><span style=\"font-family: Arial, sans-serif;\"><span lang=\"pt-BR\">Desde o come\u00e7o, a empresa primou pela perfei\u00e7\u00e3o na\u00a0<\/span><span lang=\"pt-BR\">fabrica\u00e7\u00e3o de <\/span><span lang=\"pt-BR\">tecidos <\/span><span lang=\"pt-BR\">meia-malha, malha<\/span><span lang=\"pt-BR\"> escolar <\/span><span lang=\"pt-BR\">e moletom <\/span><span lang=\"pt-BR\">a pronta entrega<\/span><span lang=\"pt-BR\">, ganhando a confian\u00e7a e a fidelidade de seus clientes. A cada ano, investe-se ainda mais em pesquisa de novos tecidos, al\u00e9m das aquisi\u00e7\u00f5es de equipamentos com tecnologia de ponta.<\/span><\/span><\/p>\n<p class=\"m_-1701090215515468766gmail-western\" align=\"justify\"><span style=\"font-family: Arial, sans-serif;\"><span lang=\"pt-BR\">O<\/span><span lang=\"pt-BR\"> resultado obtido \u00e9 a qualidade do produto, com pre\u00e7o acess\u00edvel, gerando a total satisfa\u00e7\u00e3o do cliente.<\/span><\/span><\/p>\n<p align=\"justify\"><span lang=\"pt-BR\" style=\"font-family: arial, helvetica, sans-serif;\">Confira nossos <a href=\"http:\/\/www.etalan.com.br\/novo\/produtos\/\">produtos<\/a> e nossas <a href=\"http:\/\/www.etalan.com.br\/novo\/cores\/\">cores<\/a>.<\/span><\/p>\n<p>[\/vc_column_text][\/vc_column][\/vc_row][vc_row full_width=&#8221;stretch_row&#8221; el_class=&#8221;overlay fixed_bg&#8221; css=&#8221;.vc_custom_1494877259854{margin-bottom: 53px !important;padding-top: 110px !important;padding-bottom: 81px !important;background-image: url(http:\/\/www.etalan.com.br\/novo\/wp-content\/uploads\/2017\/05\/textile-1824190_1920.jpg?id=1375) !important;background-position: center !important;background-repeat: no-repeat !important;background-size: cover !important;}&#8221;][vc_column][vc_row_inner][vc_column_inner][vc_custom_heading icon_size=&#8221;67&#8243; text=&#8221;A ETALAN produz tecidos de malha circular e conta com uma estrutura de produ\u00e7\u00e3o completa: tecelagem, tinturaria e acabamento.&#8221; font_container=&#8221;tag:h4|font_size:45px|text_align:left|color:%23ffffff|line_height:45px&#8221; google_fonts=&#8221;font_family:Poppins%3A300%2Cregular%2C500%2C600%2C700|font_style:700%20bold%3A700%3Anormal&#8221; custom_icon=&#8221;stm-check&#8221; css=&#8221;.vc_custom_1494881404772{margin-bottom: 61px !important;}&#8221; el_class=&#8221;no_stripe&#8221;][\/vc_column_inner][\/vc_row_inner][\/vc_column][\/vc_row][vc_row full_width=&#8221;stretch_row&#8221; el_class=&#8221;overlay_2 fixed_bg&#8221; css=&#8221;.vc_custom_1494877555587{margin-bottom: 42px !important;padding-top: 66px !important;padding-bottom: 66px !important;background-image: url(http:\/\/www.etalan.com.br\/novo\/wp-content\/uploads\/2017\/05\/silk-845134_1920.jpg?id=1372) !important;background-position: center !important;background-repeat: no-repeat !important;background-size: cover !important;}&#8221;][vc_column][vc_custom_heading text=&#8221;Nossos produtos: moletom, meia malha, escolar, suedine, helanca. Diversas cores. Saiba mais.&#8221; font_container=&#8221;tag:div|font_size:28px|text_align:center|color:%23ffffff|line_height:34px&#8221; google_fonts=&#8221;font_family:Poppins%3A300%2Cregular%2C500%2C600%2C700|font_style:700%20bold%3A700%3Anormal&#8221; link=&#8221;url:http%3A%2F%2Fwww.etalan.com.br%2Fnovo%2Fprodutos%2F|||&#8221;][\/vc_column][\/vc_row][vc_row full_width=&#8221;stretch_row_content_no_spaces&#8221; content_placement=&#8221;top&#8221;][vc_column][vc_gmaps link=&#8221;#E-8_JTNDaWZyYW1lJTIwc3JjJTNEJTIyaHR0cHMlM0ElMkYlMkZ3d3cuZ29vZ2xlLmNvbSUyRm1hcHMlMkZlbWJlZCUzRnBiJTNEJTIxMW0xOCUyMTFtMTIlMjExbTMlMjExZDM1NzEuNTQ2MTgyOTkyMjY5JTIxMmQtNDkuMDk1NDg5NDQ4NzM5NzglMjEzZC0yNi40NzAzNTM1ODExOTQ0NjYlMjEybTMlMjExZjAlMjEyZjAlMjEzZjAlMjEzbTIlMjExaTEwMjQlMjEyaTc2OCUyMTRmMTMuMSUyMTNtMyUyMTFtMiUyMTFzMHg5NGRlOTRmZTBjNGIzZmRkJTI1M0EweGY3Y2M1MWVkMDA0N2VjNmYlMjEyc1Rhc2NobmVyJTJCSW5kJTI1QzMlMjVCQXN0cmlhJTJCVCUyNUMzJTI1QUF4dGlsJTJCTHRkYS4lMjE1ZTAlMjEzbTIlMjExc3B0LUJSJTIxMnNiciUyMTR2MTQ5NDUzNzQ4NjcyMCUyMiUyMHdpZHRoJTNEJTIyMTAwJTI1JTIyJTIwaGVpZ2h0JTNEJTIyNDUwcHglMjIlMjBmcmFtZWJvcmRlciUzRCUyMjAlMjIlMjBzdHlsZSUzRCUyMmJvcmRlciUzQTAlMjIlMjBhbGxvd2Z1bGxzY3JlZW4lM0UlM0MlMkZpZnJhbWUlM0U=&#8221;][\/vc_column][\/vc_row]<\/p>\n","protected":false},"excerpt":{"rendered":"<p>[vc_row css=&#8221;.vc_custom_1450677977665{margin-bottom: 0px !important;}&#8221;][vc_column offset=&#8221;vc_hidden-xs&#8221;][rev_slider_vc alias=&#8221;fullscreen-main-slider&#8221;][\/vc_column][\/vc_row][vc_row full_width=&#8221;stretch_row&#8221; css=&#8221;.vc_custom_1451476985704{padding-top: 53px !important;padding-bottom: 70px !important;background-color: #f2f2f2 !important;}&#8221;][vc_column][vc_custom_heading text=&#8221;Sobre&#8221; font_container=&#8221;tag:h2|font_size:45px|text_align:center|line_height:60px&#8221; use_theme_fonts=&#8221;yes&#8221; el_class=&#8221;base_font_color&#8221; css=&#8221;.vc_custom_1494878020763{margin-bottom: 28px !important;}&#8221;][vc_column_text] Fundada em 1977, a\u00a0ETALAN\u00a0est\u00e1 localizada em uma \u00e1rea de 100.000 m\u00b2, em Jaragu\u00e1 do Sul, Santa Catarina, Brasil.\u00a0 Desde o come\u00e7o, a empresa primou pela perfei\u00e7\u00e3o na\u00a0fabrica\u00e7\u00e3o de tecidos meia-malha, malha escolar e moletom<\/p>\n","protected":false},"author":1,"featured_media":0,"parent":0,"menu_order":0,"comment_status":"closed","ping_status":"closed","template":"","meta":[],"_links":{"self":[{"href":"http:\/\/www.etalan.com.br\/novo\/wp-json\/wp\/v2\/pages\/1024"}],"collection":[{"href":"http:\/\/www.etalan.com.br\/novo\/wp-json\/wp\/v2\/pages"}],"about":[{"href":"http:\/\/www.etalan.com.br\/novo\/wp-json\/wp\/v2\/types\/page"}],"author":[{"embeddable":true,"href":"http:\/\/www.etalan.com.br\/novo\/wp-json\/wp\/v2\/users\/1"}],"replies":[{"embeddable":true,"href":"http:\/\/www.etalan.com.br\/novo\/wp-json\/wp\/v2\/comments?post=1024"}],"version-history":[{"count":59,"href":"http:\/\/www.etalan.com.br\/novo\/wp-json\/wp\/v2\/pages\/1024\/revisions"}],"predecessor-version":[{"id":1830,"href":"http:\/\/www.etalan.com.br\/novo\/wp-json\/wp\/v2\/pages\/1024\/revisions\/1830"}],"wp:attachment":[{"href":"http:\/\/www.etalan.com.br\/novo\/wp-json\/wp\/v2\/media?parent=1024"}],"curies":[{"name":"wp","href":"https:\/\/api.w.org\/{rel}","templated":true}]}}